{"id":75205,"date":"2019-05-27T18:45:47","date_gmt":"2019-05-27T16:45:47","guid":{"rendered":"https:\/\/dim.do\/test\/?page_id=75205"},"modified":"2019-10-11T19:16:33","modified_gmt":"2019-10-11T17:16:33","slug":"transporte","status":"publish","type":"page","link":"https:\/\/dim.do\/en_en\/transporte\/","title":{"rendered":"SHIPPING"},"content":{"rendered":"<div  class=\"vc_row wpb_row  vc_custom_1433558708166\" style=\"\"><div class=\"boxed\"><div class=\"container\"><div class=\"vc_row\"><div class=\"wpb_column vc_column_container col-sm-12 vc_col-sm-12 col-lg-12 vc_col-lg-12\"><div class=\"vc_column-inner\"><div class=\"wpb_wrapper\"><div class=\"vc_custom_heading\" ><h1 style=\"font-size: 40px;color: #045b92;text-align: left\" >SHIPPING<\/h1><\/div>\n\t<div  class=\"wpb_single_image wpb_content_element vc_align_center\">\n\t\t\n\t\t<figure class=\"wpb_wrapper vc_figure\">\n\t\t\t<div class=\"vc_single_image-wrapper   vc_box_border_grey\"><img width=\"1200\" height=\"556\" src=\"https:\/\/dim.do\/wp-content\/uploads\/2019\/10\/serv_transporte.jpg\" class=\"vc_single_image-img attachment-full\" alt=\"\" loading=\"lazy\" srcset=\"https:\/\/dim.do\/wp-content\/uploads\/2019\/10\/serv_transporte.jpg 1200w, https:\/\/dim.do\/wp-content\/uploads\/2019\/10\/serv_transporte-300x139.jpg 300w, https:\/\/dim.do\/wp-content\/uploads\/2019\/10\/serv_transporte-768x356.jpg 768w, https:\/\/dim.do\/wp-content\/uploads\/2019\/10\/serv_transporte-1024x474.jpg 1024w\" sizes=\"(max-width: 1200px) 100vw, 1200px\" \/><\/div>\n\t\t<\/figure>\n\t<\/div>\n\n\t<div class=\"wpb_text_column wpb_content_element\" >\n\t\t<div class=\"wpb_wrapper\">\n\t\t\t<ul>\n<li>We have a wide network of carriers that allow us to move your move and cargo in general to any demarcation within the national geography at a very competitive rate.<\/li>\n<li>We pay special attention to every detail, using first-class packaging materials, protecting your most precious goods.<\/li>\n<\/ul>\n<p>Our company provides you with solutions for the transport of your air, sea and land shipments safely, offering competitive rates. We offer ground transportation service within the Dominican Republic and Haiti.<\/p>\n\n\t\t<\/div>\n\t<\/div>\n<\/div><\/div><\/div><\/div><\/div><\/div><\/div><div  class=\"vc_row wpb_row\" style=\"\"><div class=\"boxed\"><div class=\"container\"><div class=\"vc_row\"><div class=\"wpb_column vc_column_container col-sm-12 vc_col-sm-12 col-lg-12 vc_col-lg-12\"><div class=\"vc_column-inner\"><div class=\"wpb_wrapper\"><div class=\"vc_custom_heading\" ><h2 style=\"text-align: left\" >WE ARE PREPARED TO OFFER THE FOLLOWING SERVICES<\/h2><\/div>\n\t<div class=\"wpb_text_column wpb_content_element\" >\n\t\t<div class=\"wpb_wrapper\">\n\t\t\t<ul>\n<li>Technical and specialized inspection.<\/li>\n<li>Management of permits required for the transport of oversized cargo.<\/li>\n<li>Route evaluation<\/li>\n<li>Preparation of the transport plan for the safe mobilization of special loads.<\/li>\n<li>Fumigation.<\/li>\n<li>Cargo insurance<\/li>\n<\/ul>\n\n\t\t<\/div>\n\t<\/div>\n<\/div><\/div><\/div><\/div><\/div><\/div><\/div><div  class=\"vc_row wpb_row  vc_custom_1433128672748\" style=\"\"><div class=\"boxed\"><div class=\"container\"><div class=\"vc_row\"><div class=\"wpb_column vc_column_container col-sm-12 vc_col-sm-12 col-lg-12 vc_col-lg-12\"><div class=\"vc_column-inner\"><div class=\"wpb_wrapper\"><div class=\"vc_custom_heading heading-title-3\" ><h2 style=\"font-size: 20px;text-align: left\" >advantages<\/h2><\/div>\n\t<div class=\"wpb_text_column wpb_content_element\" >\n\t\t<div class=\"wpb_wrapper\">\n\t\t\t<ul>\n<li>We have staff with extensive experience making national and local removals.<\/li>\n<li>We have an extensive network of carriers that allow us to move your move to any demarcation within the national geography at a very competitive rate.<\/li>\n<li>We pay special attention to every detail, using first-class packaging materials, protecting your most precious goods.<\/li>\n<li>We pack and protect your furniture and electrical appliances in special padded material, we also use cardboard boxes and wardrobes to store your lingerie and clothes.<\/li>\n<li>Highly professional, honest and qualified staff to assist you in any way possible while performing the service of your move.<\/li>\n<\/ul>\n\n\t\t<\/div>\n\t<\/div>\n<\/div><\/div><\/div><\/div><\/div><\/div><\/div><div  class=\"vc_row wpb_row\" style=\"\"><div class=\"boxed\"><div class=\"container\"><div class=\"vc_row\"><div class=\"wpb_column vc_column_container col-sm-12 vc_col-sm-12 col-lg-12 vc_col-lg-12\"><div class=\"vc_column-inner\"><div class=\"wpb_wrapper\"><div class=\"vc_custom_heading\" ><h2 style=\"text-align: left\" >WE HAVE THE FOLLOWING SOLUTIONS FOR YOUR NATIONAL TRANSPORTATION NEEDS<\/h2><\/div>\n\t<div class=\"wpb_text_column wpb_content_element\" >\n\t\t<div class=\"wpb_wrapper\">\n\t\t\t<ul>\n<li>20 \u201d, 40\u201d and 45\u00a8 containers<\/li>\n<li>Trucks and trailers of different sizes and types<\/li>\n<li>Forklifts, lifting cranes and platform cranes<\/li>\n<\/ul>\n<p>Get a quote by calling (809) 566.4333 or complete our form.<\/p>\n\n\t\t<\/div>\n\t<\/div>\n<\/div><\/div><\/div><\/div><\/div><\/div><\/div><div  class=\"vc_row wpb_row\" style=\"\"><div class=\"boxed\"><div class=\"container\"><div class=\"vc_row\"><div class=\"wpb_column vc_column_container col-sm-12 vc_col-sm-12 col-lg-12 vc_col-lg-12\"><div class=\"vc_column-inner\"><div class=\"wpb_wrapper\"><div class=\"vc_btn3-container  btn_dim_cop vc_btn3-center vc_custom_1570814190441\" >\n\t<a onmouseleave=\"this.style.borderColor='#045b92'; this.style.backgroundColor='transparent'; this.style.color='#045b92'\" onmouseenter=\"this.style.borderColor='#045b92'; this.style.backgroundColor='#045b92'; this.style.color='#ffffff';\" style=\"border-color:#045b92; color:#045b92;\" class=\"vc_general vc_btn3 vc_btn3-size-lg vc_btn3-shape-round vc_btn3-style-outline-custom\" href=\"solicitud-de-presupuestos\/\" title=\"quotation-request \/\">REQUEST A QUOTE<\/a><\/div>\n<\/div><\/div><\/div><\/div><\/div><\/div><\/div><div  class=\"vc_row wpb_row\" style=\"\"><div class=\"boxed\"><div class=\"container\"><div class=\"vc_row\"><div class=\"wpb_column vc_column_container col-sm-12 vc_col-sm-12 col-lg-12 vc_col-lg-12\"><div class=\"vc_column-inner\"><div class=\"wpb_wrapper\"><div class=\"vc_empty_space\"   style=\"height: 40px\" ><span class=\"vc_empty_space_inner\"><\/span><\/div>\n<div class=\"vc_custom_heading vc_custom_1558971610622\" ><h1 style=\"font-size: 40px;color: #045b92;text-align: center\" >SOCIAL<\/h1><\/div><div class=\"vc_separator wpb_content_element vc_separator_align_center vc_sep_width_100 vc_sep_border_width_2 vc_sep_pos_align_center vc_separator_no_text  ln\" ><span class=\"vc_sep_holder vc_sep_holder_l\"><span  class=\"vc_sep_line\"><\/span><\/span><span class=\"vc_sep_holder vc_sep_holder_r\"><span  class=\"vc_sep_line\"><\/span><\/span>\n<\/div><div class=\"vc_empty_space\"   style=\"height: 40px\" ><span class=\"vc_empty_space_inner\"><\/span><\/div>\n<div class=\"vc_row wpb_row vc_inner\"><div class=\"wpb_column vc_column_container col-sm-4 vc_col-sm-4 col-lg-4 vc_col-lg-4\"><div class=\"vc_column-inner\"><div class=\"wpb_wrapper\"><div\n\tclass=\"vc_icon_element vc_icon_element-outer  vc_icon_element-align-center\">\n\t<div\n\t\tclass=\"vc_icon_element-inner vc_icon_element-color-custom  vc_icon_element-size-lg  vc_icon_element-style- vc_icon_element-background-color-\">\n\t\t<span\n\t\t\tclass=\"vc_icon_element-icon fa fa-twitter\" style=\"color:#045b92 !important\"><\/span>\n\t\t\t<\/div>\n<\/div><\/div><\/div><\/div><div class=\"wpb_column vc_column_container col-sm-4 vc_col-sm-4 col-lg-4 vc_col-lg-4\"><div class=\"vc_column-inner\"><div class=\"wpb_wrapper\"><div\n\tclass=\"vc_icon_element vc_icon_element-outer  vc_icon_element-align-center\">\n\t<div\n\t\tclass=\"vc_icon_element-inner vc_icon_element-color-custom  vc_icon_element-size-lg  vc_icon_element-style- vc_icon_element-background-color-\">\n\t\t<span\n\t\t\tclass=\"vc_icon_element-icon fa fa-facebook\" style=\"color:#045b92 !important\"><\/span>\n\t\t\t<\/div>\n<\/div><\/div><\/div><\/div><div class=\"wpb_column vc_column_container col-sm-4 vc_col-sm-4 col-lg-4 vc_col-lg-4\"><div class=\"vc_column-inner\"><div class=\"wpb_wrapper\"><div\n\tclass=\"vc_icon_element vc_icon_element-outer  vc_icon_element-align-center\">\n\t<div\n\t\tclass=\"vc_icon_element-inner vc_icon_element-color-custom  vc_icon_element-size-lg  vc_icon_element-style- vc_icon_element-background-color-\">\n\t\t<span\n\t\t\tclass=\"vc_icon_element-icon fa fa-instagram\" style=\"color:#045b92 !important\"><\/span>\n\t\t\t<\/div>\n<\/div><\/div><\/div><\/div><\/div><div class=\"vc_empty_space\"   style=\"height: 40px\" ><span class=\"vc_empty_space_inner\"><\/span><\/div>\n<\/div><\/div><\/div><\/div><\/div><\/div><\/div>","protected":false},"excerpt":{"rendered":"TRANSPORTE Disponemos de una amplia red de transportistas que nos permiten trasladar su mudanza y carga en general a cualquier demarcaci\u00f3n dentro de la geograf\u00eda nacional a una tarifa muy competitiva. Prestamos especial atenci\u00f3n a cada detalle, utilizando materiales de empaque de primera categor\u00eda, protegiendo sus bienes m\u00e1s preciados. Nuestra empresa les proporciona soluciones para [...]","protected":false},"author":1,"featured_media":0,"parent":0,"menu_order":0,"comment_status":"closed","ping_status":"closed","template":"","meta":[],"_links":{"self":[{"href":"https:\/\/dim.do\/en_en\/wp-json\/wp\/v2\/pages\/75205"}],"collection":[{"href":"https:\/\/dim.do\/en_en\/wp-json\/wp\/v2\/pages"}],"about":[{"href":"https:\/\/dim.do\/en_en\/wp-json\/wp\/v2\/types\/page"}],"author":[{"embeddable":true,"href":"https:\/\/dim.do\/en_en\/wp-json\/wp\/v2\/users\/1"}],"replies":[{"embeddable":true,"href":"https:\/\/dim.do\/en_en\/wp-json\/wp\/v2\/comments?post=75205"}],"version-history":[{"count":19,"href":"https:\/\/dim.do\/en_en\/wp-json\/wp\/v2\/pages\/75205\/revisions"}],"predecessor-version":[{"id":75526,"href":"https:\/\/dim.do\/en_en\/wp-json\/wp\/v2\/pages\/75205\/revisions\/75526"}],"wp:attachment":[{"href":"https:\/\/dim.do\/en_en\/wp-json\/wp\/v2\/media?parent=75205"}],"curies":[{"name":"wp","href":"https:\/\/api.w.org\/{rel}","templated":true}]}}