{"id":67,"date":"2015-03-02T04:39:13","date_gmt":"2015-03-02T04:39:13","guid":{"rendered":"http:\/\/structure.thememove.com\/?page_id=67"},"modified":"2023-02-07T00:09:14","modified_gmt":"2023-02-06T23:09:14","slug":"contacto","status":"publish","type":"page","link":"https:\/\/dim.do\/en_en\/contacto\/","title":{"rendered":"CONTACT"},"content":{"rendered":"<div  class=\"vc_row wpb_row\" style=\"\"><div class=\"boxed\"><div class=\"container\"><div class=\"vc_row\"><div class=\"wpb_column vc_column_container col-sm-9 vc_col-sm-9 col-lg-9 vc_col-lg-9\"><div class=\"vc_column-inner\"><div class=\"wpb_wrapper\"><div class=\"vc_custom_heading heading-title-3 hide\" ><h2 style=\"font-size: 20px;text-align: left\" >FILL THE CONTACT FORM<\/h2><\/div>\n\t<div class=\"wpb_text_column wpb_content_element  txt20\" >\n\t\t<div class=\"wpb_wrapper\">\n\t\t\t<p>If you want more information about our services, or you want one of our agents to visit you to evaluate your needs, fill in the form below.<\/p>\n\n\t\t<\/div>\n\t<\/div>\n<div class=\"vc_empty_space\"   style=\"height: 30px\" ><span class=\"vc_empty_space_inner\"><\/span><\/div>\n<div role=\"form\" class=\"wpcf7\" id=\"wpcf7-f584-o1\" lang=\"en-US\" dir=\"ltr\">\n<div class=\"screen-reader-response\"><\/div>\n<form action=\"\/en_en\/wp-json\/wp\/v2\/pages\/67#wpcf7-f584-o1\" method=\"post\" class=\"wpcf7-form\" novalidate=\"novalidate\" data-trp-original-action=\"\/en_en\/wp-json\/wp\/v2\/pages\/67#wpcf7-f584-o1\">\n<div style=\"display: none;\">\n<input type=\"hidden\" name=\"_wpcf7\" value=\"584\" \/>\n<input type=\"hidden\" name=\"_wpcf7_version\" value=\"5.1.3\" \/>\n<input type=\"hidden\" name=\"_wpcf7_locale\" value=\"en_US\" \/>\n<input type=\"hidden\" name=\"_wpcf7_unit_tag\" value=\"wpcf7-f584-o1\" \/>\n<input type=\"hidden\" name=\"_wpcf7_container_post\" value=\"0\" \/>\n<input type=\"hidden\" name=\"g-recaptcha-response\" value=\"\" \/>\n<\/div>\n<div class=\"row\">\n<div class=\"col-md-6\">\n    <span class=\"wpcf7-form-control-wrap nombre\"><input type=\"text\" name=\"nombre\" value=\"\" size=\"40\" class=\"wpcf7-form-control wpcf7-text wpcf7-validates-as-required\" aria-required=\"true\" aria-invalid=\"false\" placeholder=\"Name\" \/><\/span>\n  <\/div>\n<div class=\"col-md-6\">\n    <span class=\"wpcf7-form-control-wrap apellido\"><input type=\"text\" name=\"apellido\" value=\"\" size=\"40\" class=\"wpcf7-form-control wpcf7-text wpcf7-validates-as-required\" aria-required=\"true\" aria-invalid=\"false\" placeholder=\"Last name\" \/><\/span>\n  <\/div>\n<div class=\"col-md-6\">\n    <span class=\"wpcf7-form-control-wrap email\"><input type=\"email\" name=\"email\" value=\"\" size=\"40\" class=\"wpcf7-form-control wpcf7-text wpcf7-email wpcf7-validates-as-required wpcf7-validates-as-email\" aria-required=\"true\" aria-invalid=\"false\" placeholder=\"E-mail\" \/><\/span>\n  <\/div>\n<div class=\"col-md-6\">\n    <span class=\"wpcf7-form-control-wrap telefono\"><input type=\"text\" name=\"telefono\" value=\"\" size=\"40\" class=\"wpcf7-form-control wpcf7-text wpcf7-validates-as-required\" aria-required=\"true\" aria-invalid=\"false\" placeholder=\"Phone\" \/><\/span>\n  <\/div>\n<div class=\"col-md-6\">\n    <span class=\"wpcf7-form-control-wrap pais\"><select name=\"pais\" class=\"wpcf7-form-control wpcf7-select\" aria-invalid=\"false\"><option value=\"Seleccione su pa\u00eds\">Select your country<\/option><option value=\"Afganist\u00e1n\">Afghanistan<\/option><option value=\"Akrotiri\">Akrotiri<\/option><option value=\"Albania\">Albania<\/option><option value=\"Alemania\">Germany<\/option><option value=\"Andorra\">Andorra<\/option><option value=\"Angola\">Angola<\/option><option value=\"Anguila\">Eel<\/option><option value=\"Ant\u00e1rtida\">Antarctica<\/option><option value=\"Antigua y Barbuda\">Old and bearded<\/option><option value=\"Antillas Neerlandesas\">Netherlands Antilles<\/option><option value=\"Arabia Saud\u00ed\">Saudi Arabia<\/option><option value=\"Arctic Ocean\">Arctic Ocean<\/option><option value=\"Argelia\">Algeria<\/option><option value=\"Argentina\">Argentina<\/option><option value=\"Armenia\">Armenia<\/option><option value=\"Aruba\">Aruba<\/option><option value=\"Ashmore andCartier Islands\">Ashmore and Cartier Islands<\/option><option value=\"Atlantic Ocean\">Atlantic Ocean<\/option><option value=\"Australia\">Australia<\/option><option value=\"Austria\">Austria<\/option><option value=\"Azerbaiy\u00e1n\">Azerbaijan<\/option><option value=\"Bahamas\">Bahamas<\/option><option value=\"Bahr\u00e1in\">Bahrain<\/option><option value=\"Bangladesh\">Bangladesh<\/option><option value=\"Barbados\">Barbados<\/option><option value=\"B\u00e9lgica\">Belgium<\/option><option value=\"Belice\">Belize<\/option><option value=\"Ben\u00edn\">Benin<\/option><option value=\"Bermudas\">Bermuda<\/option><option value=\"Bielorrusia\">Belarus<\/option><option value=\"Birmania Myanmar\">Burma Myanmar<\/option><option value=\"Bolivia\">Bolivia<\/option><option value=\"Bosnia y Hercegovina\">Bosnia and Herzegovina<\/option><option value=\"Botsuana\">Botswana<\/option><option value=\"Brasil\">Brazil<\/option><option value=\"Brun\u00e9i\">Brunei<\/option><option value=\"Bulgaria\">Bulgaria<\/option><option value=\"Burkina Faso\">Burkina Faso<\/option><option value=\"Burundi\">Burundi<\/option><option value=\"But\u00e1n\">Bhutan<\/option><option value=\"Cabo Verde\">Cape Verde<\/option><option value=\"Camboya\">Cambodia<\/option><option value=\"Camer\u00fan\">Cameroon<\/option><option value=\"Canad\u00e1\">Canada<\/option><option value=\"Chad\">Chad<\/option><option value=\"Chile\">Chile<\/option><option value=\"China\">China<\/option><option value=\"Chipre\">Cyprus<\/option><option value=\"Clipperton Island\">Clipperton Island<\/option><option value=\"Colombia\">Colombia<\/option><option value=\"Comoras\">Comoros<\/option><option value=\"Congo\">Congo<\/option><option value=\"Coral Sea Islands\">Coral Sea Islands<\/option><option value=\"Corea del Norte\">North Korea<\/option><option value=\"Corea del Sur\">South Korea<\/option><option value=\"Costa de Marfil\">Ivory Coast<\/option><option value=\"Costa Rica\">Costa Rica<\/option><option value=\"Croacia\">Croatia<\/option><option value=\"Cuba\">Cuba<\/option><option value=\"Dhekelia\">Dhekelia<\/option><option value=\"Dinamarca\">Denmark<\/option><option value=\"Dominica\">Dominica<\/option><option value=\"Ecuador\">Ecuador<\/option><option value=\"Egipto\">Egypt<\/option><option value=\"El Salvador\">The Savior<\/option><option value=\"El Vaticano\">The Vatican<\/option><option value=\"Emiratos \u00c1rabes Unidos\">United Arab Emirates<\/option><option value=\"Eritrea\">Eritrea<\/option><option value=\"Eslovaquia\">Slovakia<\/option><option value=\"Eslovenia\">Slovenia<\/option><option value=\"Espa\u00f1a\">Spain<\/option><option value=\"Estados Unidos\">U.S<\/option><option value=\"Estonia\">Estonia<\/option><option value=\"Etiop\u00eda\">Ethiopia<\/option><option value=\"Filipinas\">Philippines<\/option><option value=\"Finlandia\">Finland<\/option><option value=\"Fiyi\">Fiji<\/option><option value=\"Francia\">France<\/option><option value=\"Gab\u00f3n\">Gabon<\/option><option value=\"Gambia\">Gambia<\/option><option value=\"Gaza Strip\">Gaza Strip<\/option><option value=\"Georgia\">Georgia<\/option><option value=\"Ghana\">Ghana<\/option><option value=\"Gibraltar\">Gibraltar<\/option><option value=\"Granada\">Pomegranate<\/option><option value=\"Grecia\">Greece<\/option><option value=\"Groenlandia\">Greenland<\/option><option value=\"Guam\">Guam<\/option><option value=\"Guatemala\">Guatemala<\/option><option value=\"Guernsey\">Guernsey<\/option><option value=\"Guinea\">Guinea<\/option><option value=\"Guinea Ecuatorial\">Equatorial Guinea<\/option><option value=\"Guinea-Bissau\">Guinea-Bissau<\/option><option value=\"Guyana\">Guyana<\/option><option value=\"Hait\u00ed\">Haiti<\/option><option value=\"Honduras\">Honduras<\/option><option value=\"Hong Kong\">Hong Kong<\/option><option value=\"Hungr\u00eda\">Hungary<\/option><option value=\"India\">India<\/option><option value=\"Indian Ocean\">Indian ocean<\/option><option value=\"Indonesia\">Indonesia<\/option><option value=\"Ir\u00e1n\">Iran<\/option><option value=\"Iraq\">Iraq<\/option><option value=\"Irlanda\">Ireland<\/option><option value=\"Isla Bouvet\">Bouvet Island<\/option><option value=\"Isla Christmas\">Christmas Island<\/option><option value=\"Isla Norfolk\">Norfolk Island<\/option><option value=\"Islandia\">Iceland<\/option><option value=\"Islas Caim\u00e1n\">Cayman Islands<\/option><option value=\"Islas Cocos\">Cocos Islands<\/option><option value=\"Islas Cook\">Cook Islands<\/option><option value=\"Islas Feroe\">Faroe Islands<\/option><option value=\"Islas Georgia del Sur y Sandwich del Sur\">South Georgia and the South Sandwich Islands<\/option><option value=\"Islas Heard y McDonald\">Heard and McDonald Islands<\/option><option value=\"Islas Malvinas\">Falkland Islands<\/option><option value=\"Islas Marianas del Norte\">Northern Mariana Islands<\/option><option value=\"IslasMarshall\">Marshall Islands<\/option><option value=\"Islas Pitcairn\">Pitcairn Islands<\/option><option value=\"Islas Salom\u00f3n\">Solomon Islands<\/option><option value=\"Islas Turcas y Caicos\">Turks and Caicos Islands<\/option><option value=\"Islas V\u00edrgenes Americanas\">US Virgin Islands<\/option><option value=\"Islas V\u00edrgenes Brit\u00e1nicas\">British Virgin Islands<\/option><option value=\"Israel\">Israel<\/option><option value=\"Italia\">Italy<\/option><option value=\"Jamaica\">Jamaica<\/option><option value=\"Jan Mayen\">Jan Mayen<\/option><option value=\"Jap\u00f3n\">Japan<\/option><option value=\"Jersey\">sweater<\/option><option value=\"Jordania\">Jordan<\/option><option value=\"Kazajist\u00e1n\">Kazakhstan<\/option><option value=\"Kenia\">Kenya<\/option><option value=\"Kirguizist\u00e1n\">Kyrgyzstan<\/option><option value=\"Kiribati\">Kiribati<\/option><option value=\"Kuwait\">Kuwait<\/option><option value=\"Laos\">Laos<\/option><option value=\"Lesoto\">Lesotho<\/option><option value=\"Letonia\">Latvia<\/option><option value=\"L\u00edbano\">Lebanon<\/option><option value=\"Liberia\">Liberia<\/option><option value=\"Libia\">Libya<\/option><option value=\"Liechtenstein\">Liechtenstein<\/option><option value=\"Lituania\">Lithuania<\/option><option value=\"Luxemburgo\">Luxembourg<\/option><option value=\"Macao\">Macau<\/option><option value=\"Macedonia\">Macedonia<\/option><option value=\"Madagascar\">Madagascar<\/option><option value=\"Malasia\">Malaysia<\/option><option value=\"Malaui\">Malawi<\/option><option value=\"Maldivas\">Maldives<\/option><option value=\"Mal\u00ed\">Mali<\/option><option value=\"Malta\">malt<\/option><option value=\"Man, Isle of\">Man, Isle of<\/option><option value=\"Marruecos\">Morocco<\/option><option value=\"Mauricio\">Mauricio<\/option><option value=\"Mauritania\">Mauritania<\/option><option value=\"Mayotte\">Mayotte<\/option><option value=\"M\u00e9xico\">Mexico<\/option><option value=\"Micronesia\">Micronesia<\/option><option value=\"Moldavia\">Moldova<\/option><option value=\"M\u00f3naco\">Monaco<\/option><option value=\"Mongolia\">Mongolia<\/option><option value=\"Montserrat\">Montserrat<\/option><option value=\"Mozambique\">Mozambique<\/option><option value=\"Namibia\">Namibia<\/option><option value=\"Nauru\">Nauru<\/option><option value=\"Navassa Island\">Navassa Island<\/option><option value=\"Nepal\">Nepal<\/option><option value=\"Nicaragua\">Nicaragua<\/option><option value=\"N\u00edger\">Niger<\/option><option value=\"Nigeria\">Nigeria<\/option><option value=\"Niue\">Niue<\/option><option value=\"Noruega\">Norway<\/option><option value=\"Nueva Caledonia\">New Caledonia<\/option><option value=\"Nueva Zelanda\">New Zealand<\/option><option value=\"Om\u00e1n\">Oman<\/option><option value=\"Pacific Ocean\">Pacific Ocean<\/option><option value=\"Pa\u00edses Bajos\">Netherlands<\/option><option value=\"Pakist\u00e1n\">Pakistan<\/option><option value=\"Palaos\">Palau<\/option><option value=\"Panam\u00e1\">Panama<\/option><option value=\"Pap\u00faa-Nueva Guinea\">Papua New Guinea<\/option><option value=\"Paracel Islands\">Paracel Islands<\/option><option value=\"Paraguay\">Paraguay<\/option><option value=\"Per\u00fa\">Peru<\/option><option value=\"Polinesia Francesa\">French Polynesia<\/option><option value=\"Polonia\">Poland<\/option><option value=\"Portugal\">Portugal<\/option><option value=\"Puerto Rico\">Puerto Rico<\/option><option value=\"Qatar\">Qatar<\/option><option value=\"Reino Unido\">United Kingdom<\/option><option value=\"Rep\u00fablica Centroafricana\">Central African Republic<\/option><option value=\"Rep\u00fablica Checa\">Czech Republic<\/option><option value=\"Rep\u00fablica Democr\u00e1tica del Congo\">Democratic Republic of Congo<\/option><option value=\"Rep\u00fablica Dominicana\">Dominican Republic<\/option><option value=\"Ruanda\">Rwanda<\/option><option value=\"Rumania\">Romania<\/option><option value=\"Rusia\">Russia<\/option><option value=\"S\u00e1hara Occidental\">Occidental Sahara<\/option><option value=\"Samoa\">Samoa<\/option><option value=\"Samoa Americana\">American Samoa<\/option><option value=\"San Crist\u00f3bal y Nieves\">Saint Kitts and Nevis<\/option><option value=\"San Marino\">San Marino<\/option><option value=\"San Pedro y Miquel\u00f3n\">Saint Pierre and Miquelon<\/option><option value=\"San Vicente y las Granadinas\">St. Vincent and the Grenadines<\/option><option value=\"Santa Helena\">Saint Helena<\/option><option value=\"Santa Luc\u00eda\">St. lucia<\/option><option value=\"Santo Tom\u00e9 y Pr\u00edncipe\">Sao Tome and Principe<\/option><option value=\"Senegal\">Senegal<\/option><option value=\"Seychelles\">Seychelles<\/option><option value=\"Sierra Leona\">Sierra Leone<\/option><option value=\"Singapur\">Singapore<\/option><option value=\"Siria\">Syria<\/option><option value=\"Somalia\">Somalia<\/option><option value=\"Southern Ocean\">Southern ocean<\/option><option value=\"Spratly Islands\">Spratly islands<\/option><option value=\"Sri Lanka\">Sri Lanka<\/option><option value=\"Suazilandia\">Swaziland<\/option><option value=\"Sud\u00e1frica\">South Africa<\/option><option value=\"Sud\u00e1n\">Sudan<\/option><option value=\"Suecia\">Sweden<\/option><option value=\"Suiza\">Switzerland<\/option><option value=\"Surinam\">Surinam<\/option><option value=\"Svalbard y Jan Mayen\">Svalbard and Jan Mayen<\/option><option value=\"Tailandia\">Thailand<\/option><option value=\"Taiw\u00e1n\">Taiwan<\/option><option value=\"Tanzania\">Tanzania<\/option><option value=\"Tayikist\u00e1n\">Tajikistan<\/option><option value=\"TerritorioBrit\u00e1nicodel Oc\u00e9ano Indico\">British Ocean Territory<\/option><option value=\"Territorios Australes Franceses\">French Southern Territories<\/option><option value=\"Timor Oriental\">East Timor<\/option><option value=\"Togo\">Togo<\/option><option value=\"Tokelau\">Tokelau<\/option><option value=\"Tonga\">Tonga<\/option><option value=\"Trinidad y Tobago\">Trinidad and Tobago<\/option><option value=\"T\u00fanez\">Tunisia<\/option><option value=\"Turkmenist\u00e1n\">Turkmenistan<\/option><option value=\"Turqu\u00eda\">Turkey<\/option><option value=\"Tuvalu\">Tuvalu<\/option><option value=\"Ucrania\">Ukraine<\/option><option value=\"Uganda\">Uganda<\/option><option value=\"Uni\u00f3n Europea\">European Union<\/option><option value=\"Uruguay\">Uruguay<\/option><option value=\"Uzbekist\u00e1n\">Uzbekistan<\/option><option value=\"Vanuatu\">Vanuatu<\/option><option value=\"Venezuela\">Venezuela<\/option><option value=\"Vietnam\">Vietnam<\/option><option value=\"Wake Island\">Wake island<\/option><option value=\"Wallis y Futuna\">Wallis and Futuna<\/option><option value=\"West Bank\">West bank<\/option><option value=\"World\">World<\/option><option value=\"Yemen\">Yemen<\/option><option value=\"Yibuti\">Djibouti<\/option><option value=\"Zambia\">Zambia<\/option><option value=\"Zimbabue\">Zimbabwe<\/option><\/select><\/span>\n  <\/div>\n<div class=\"col-md-6\">\n    <span class=\"wpcf7-form-control-wrap motivo\"><input type=\"text\" name=\"motivo\" value=\"\" size=\"40\" class=\"wpcf7-form-control wpcf7-text\" aria-invalid=\"false\" placeholder=\"Reason for contact\" \/><\/span>\n  <\/div>\n<div class=\"col-md-12\">\n    <span class=\"wpcf7-form-control-wrap mensaje\"><textarea name=\"mensaje\" cols=\"40\" rows=\"10\" class=\"wpcf7-form-control wpcf7-textarea\" aria-invalid=\"false\" placeholder=\"Message\"><\/textarea><\/span>\n  <\/div>\n<div class=\"col-md-12 vc_btn3-right vc_btn3-container\">\n<input type=\"submit\" value=\"Apply for\" class=\"wpcf7-form-control wpcf7-submit vc_btn3 vc_btn3-size-lg vc_btn3-shape-round vc_btn3-style-custom\" \/>\n  <\/div>\n<\/div>\n<div class=\"wpcf7-response-output wpcf7-display-none\"><\/div><input type=\"hidden\" name=\"trp-form-language\" value=\"en_en\"\/><\/form><\/div><\/div><\/div><\/div><div class=\"wpb_column vc_column_container col-sm-3 vc_col-sm-3 col-lg-3 vc_col-lg-3\"><div class=\"vc_column-inner\"><div class=\"wpb_wrapper\"><div class=\"vc_row wpb_row vc_inner info vc_custom_1558997789667\"><div class=\"wpb_column vc_column_container col-sm-12 vc_col-sm-12 col-lg-12 vc_col-lg-12\"><div class=\"vc_column-inner\"><div class=\"wpb_wrapper\"><div class=\"vc_custom_heading heading-title-3\" ><h2 style=\"font-size: 20px;text-align: left\" >OFFICES<\/h2><\/div>\n\t<div class=\"wpb_text_column wpb_content_element\" >\n\t\t<div class=\"wpb_wrapper\">\n\t\t\t<p><i class=\"fa fa-map-marker\" style=\"height: 75px; float: left; line-height: 75px;\"><\/i>Regina Koening No. 8 Ensanche Para\u00edso, Santo Domingo, Dominican Republic<\/p>\n<p><i class=\"fa fa-phone\"><\/i> (809) 378 3808<\/p>\n<p><i class=\"fa fa-envelope\"><\/i> info@dim.do<\/p>\n\n\t\t<\/div>\n\t<\/div>\n<div class=\"vc_separator wpb_content_element vc_separator_align_center vc_sep_width_100 vc_sep_border_width_2 vc_sep_pos_align_center vc_separator_no_text  hr\" ><span class=\"vc_sep_holder vc_sep_holder_l\"><span  class=\"vc_sep_line\"><\/span><\/span><span class=\"vc_sep_holder vc_sep_holder_r\"><span  class=\"vc_sep_line\"><\/span><\/span>\n<\/div><div class=\"vc_custom_heading heading-title-3\" ><h2 style=\"font-size: 20px;text-align: left\" >PERSONAL<\/h2><\/div>\n\t<div class=\"wpb_text_column wpb_content_element\" >\n\t\t<div class=\"wpb_wrapper\">\n\t\t\t<p><i class=\"fa fa-user\" style=\"line-height: 50px; height: 50px; float: left;\"><\/i> Elizabeth Mercado<br \/>\nGerente General<br \/>\nPricing \/ Inside Sales<\/p>\n<p><i class=\"fa fa-envelope\"><\/i> info@dim.do<\/p>\n<p><i class=\"fa fa-phone\" style=\"line-height: 50px; height: 50px; float: left;\"><\/i> (809) 378 3808 ext 7427<br \/>\n(809) 714 7010<\/p>\n\n\t\t<\/div>\n\t<\/div>\n<div class=\"vc_separator wpb_content_element vc_separator_align_center vc_sep_width_100 vc_sep_border_width_2 vc_sep_pos_align_center vc_separator_no_text  hr\" ><span class=\"vc_sep_holder vc_sep_holder_l\"><span  class=\"vc_sep_line\"><\/span><\/span><span class=\"vc_sep_holder vc_sep_holder_r\"><span  class=\"vc_sep_line\"><\/span><\/span>\n<\/div>\n\t<div class=\"wpb_text_column wpb_content_element\" >\n\t\t<div class=\"wpb_wrapper\">\n\t\t\t<p><i class=\"fa fa-user\" style=\"height: 50px; float: left; line-height: 50px;\"><\/i> Luis Francisco<br \/>\nOperations Manager<\/p>\n<p><i class=\"fa fa-envelope\"><\/i> luis.francisco@dim.do<\/p>\n<p><i class=\"fa fa-phone\" style=\"height: 50px; float: left; line-height: 50px;\"><\/i> (809) 378 3808<br \/>\n829-568-1794<\/p>\n\n\t\t<\/div>\n\t<\/div>\n<div class=\"vc_separator wpb_content_element vc_separator_align_center vc_sep_width_100 vc_sep_border_width_2 vc_sep_pos_align_center vc_separator_no_text  hr\" ><span class=\"vc_sep_holder vc_sep_holder_l\"><span  class=\"vc_sep_line\"><\/span><\/span><span class=\"vc_sep_holder vc_sep_holder_r\"><span  class=\"vc_sep_line\"><\/span><\/span>\n<\/div><\/div><\/div><\/div><\/div><div class=\"vc_custom_heading heading-title-3\" ><h2 style=\"font-size: 20px;text-align: left\" >NETWORKS<\/h2><\/div><\/div><\/div><\/div><\/div><\/div><\/div><\/div><div  class=\"vc_row wpb_row  full-width\" style=\"\"><div class=\"vc_row\"><div class=\"wpb_column vc_column_container col-sm-12 vc_col-sm-12 col-lg-12 vc_col-lg-12\"><div class=\"vc_column-inner\"><div class=\"wpb_wrapper\"><div class=\"wpb_gmaps_widget wpb_content_element\" >\n\t\t<div class=\"wpb_wrapper\">\n\t\t<div class=\"wpb_map_wraper\">\n\t\t\t<iframe src=\"https:\/\/www.google.com\/maps\/embed?pb=!1m18!1m12!1m3!1d3784.0691063883446!2d-69.9440980857965!3d18.480528675222534!2m3!1f0!2f0!3f0!3m2!1i1024!2i768!4f13.1!3m3!1m2!1s0x8eaf89ee138b4437%3A0x35d1c52793aa9f5b!2sCalle+Regina+Koenig+8%2C+Santo+Domingo!5e0!3m2!1ses!2sdo!4v1558971353899!5m2!1ses!2sdo\" width=\"100\" height=\"450\" frameborder=\"0\" style=\"border:0\" allowfullscreen><\/iframe>\t\t<\/div>\n\t<\/div>\n<\/div>\n<\/div><\/div><\/div><\/div><\/div><div  class=\"vc_row wpb_row\" style=\"\"><div class=\"boxed\"><div class=\"container\"><div class=\"vc_row\"><div class=\"wpb_column vc_column_container col-sm-12 vc_col-sm-12 col-lg-12 vc_col-lg-12\"><div class=\"vc_column-inner\"><div class=\"wpb_wrapper\"><div class=\"vc_empty_space\"   style=\"height: 40px\" ><span class=\"vc_empty_space_inner\"><\/span><\/div>\n<div class=\"vc_custom_heading vc_custom_1558971610622\" ><h1 style=\"font-size: 40px;color: #045b92;text-align: center\" >SOCIAL<\/h1><\/div><div class=\"vc_separator wpb_content_element vc_separator_align_center vc_sep_width_100 vc_sep_border_width_2 vc_sep_pos_align_center vc_separator_no_text  ln\" ><span class=\"vc_sep_holder vc_sep_holder_l\"><span  class=\"vc_sep_line\"><\/span><\/span><span class=\"vc_sep_holder vc_sep_holder_r\"><span  class=\"vc_sep_line\"><\/span><\/span>\n<\/div><div class=\"vc_empty_space\"   style=\"height: 40px\" ><span class=\"vc_empty_space_inner\"><\/span><\/div>\n<div class=\"vc_row wpb_row vc_inner\"><div class=\"wpb_column vc_column_container col-sm-4 vc_col-sm-4 col-lg-4 vc_col-lg-4\"><div class=\"vc_column-inner\"><div class=\"wpb_wrapper\"><div\n\tclass=\"vc_icon_element vc_icon_element-outer  vc_icon_element-align-center\">\n\t<div\n\t\tclass=\"vc_icon_element-inner vc_icon_element-color-custom  vc_icon_element-size-lg  vc_icon_element-style- vc_icon_element-background-color-\">\n\t\t<span\n\t\t\tclass=\"vc_icon_element-icon fa fa-twitter\" style=\"color:#045b92 !important\"><\/span>\n\t\t\t<\/div>\n<\/div><\/div><\/div><\/div><div class=\"wpb_column vc_column_container col-sm-4 vc_col-sm-4 col-lg-4 vc_col-lg-4\"><div class=\"vc_column-inner\"><div class=\"wpb_wrapper\"><div\n\tclass=\"vc_icon_element vc_icon_element-outer  vc_icon_element-align-center\">\n\t<div\n\t\tclass=\"vc_icon_element-inner vc_icon_element-color-custom  vc_icon_element-size-lg  vc_icon_element-style- vc_icon_element-background-color-\">\n\t\t<span\n\t\t\tclass=\"vc_icon_element-icon fa fa-facebook\" style=\"color:#045b92 !important\"><\/span>\n\t\t\t<\/div>\n<\/div><\/div><\/div><\/div><div class=\"wpb_column vc_column_container col-sm-4 vc_col-sm-4 col-lg-4 vc_col-lg-4\"><div class=\"vc_column-inner\"><div class=\"wpb_wrapper\"><div\n\tclass=\"vc_icon_element vc_icon_element-outer  vc_icon_element-align-center\">\n\t<div\n\t\tclass=\"vc_icon_element-inner vc_icon_element-color-custom  vc_icon_element-size-lg  vc_icon_element-style- vc_icon_element-background-color-\">\n\t\t<span\n\t\t\tclass=\"vc_icon_element-icon fa fa-instagram\" style=\"color:#045b92 !important\"><\/span>\n\t\t\t<\/div>\n<\/div><\/div><\/div><\/div><\/div><div class=\"vc_empty_space\"   style=\"height: 40px\" ><span class=\"vc_empty_space_inner\"><\/span><\/div>\n<\/div><\/div><\/div><\/div><\/div><\/div><\/div>","protected":false},"excerpt":{"rendered":"FILL THE CONTACT FORM Si desea m\u00e1s informaci\u00f3n sobre nuestros servicios, o desea que uno de nuestros agentes le visite para evaluar sus necesidades, rellene el formulario m\u00e1s abajo. Seleccione su pa\u00edsAfganist\u00e1nAkrotiriAlbaniaAlemaniaAndorraAngolaAnguilaAnt\u00e1rtidaAntigua y BarbudaAntillas NeerlandesasArabia Saud\u00edArctic OceanArgeliaArgentinaArmeniaArubaAshmore andCartier IslandsAtlantic OceanAustraliaAustriaAzerbaiy\u00e1nBahamasBahr\u00e1inBangladeshBarbadosB\u00e9lgicaBeliceBen\u00ednBermudasBielorrusiaBirmania MyanmarBoliviaBosnia y HercegovinaBotsuanaBrasilBrun\u00e9iBulgariaBurkina FasoBurundiBut\u00e1nCabo VerdeCamboyaCamer\u00fanCanad\u00e1ChadChileChinaChipreClipperton IslandColombiaComorasCongoCoral Sea IslandsCorea del NorteCorea del SurCosta de MarfilCosta RicaCroaciaCubaDhekeliaDinamarcaDominicaEcuadorEgiptoEl [...]","protected":false},"author":1,"featured_media":0,"parent":0,"menu_order":0,"comment_status":"closed","ping_status":"closed","template":"","meta":[],"_links":{"self":[{"href":"https:\/\/dim.do\/en_en\/wp-json\/wp\/v2\/pages\/67"}],"collection":[{"href":"https:\/\/dim.do\/en_en\/wp-json\/wp\/v2\/pages"}],"about":[{"href":"https:\/\/dim.do\/en_en\/wp-json\/wp\/v2\/types\/page"}],"author":[{"embeddable":true,"href":"https:\/\/dim.do\/en_en\/wp-json\/wp\/v2\/users\/1"}],"replies":[{"embeddable":true,"href":"https:\/\/dim.do\/en_en\/wp-json\/wp\/v2\/comments?post=67"}],"version-history":[{"count":11,"href":"https:\/\/dim.do\/en_en\/wp-json\/wp\/v2\/pages\/67\/revisions"}],"predecessor-version":[{"id":75587,"href":"https:\/\/dim.do\/en_en\/wp-json\/wp\/v2\/pages\/67\/revisions\/75587"}],"wp:attachment":[{"href":"https:\/\/dim.do\/en_en\/wp-json\/wp\/v2\/media?parent=67"}],"curies":[{"name":"wp","href":"https:\/\/api.w.org\/{rel}","templated":true}]}}