{"id":342,"date":"2015-03-10T02:45:48","date_gmt":"2015-03-10T02:45:48","guid":{"rendered":"http:\/\/structure.thememove.com\/?page_id=342"},"modified":"2019-10-25T16:56:14","modified_gmt":"2019-10-25T14:56:14","slug":"embalajes-de-obra-de-arte","status":"publish","type":"page","link":"https:\/\/dim.do\/en_en\/embalajes-de-obra-de-arte\/","title":{"rendered":"ARTWORK PACKAGING"},"content":{"rendered":"<div  class=\"vc_row wpb_row  vc_custom_1433558708166\" style=\"\"><div class=\"boxed\"><div class=\"container\"><div class=\"vc_row\"><div class=\"wpb_column vc_column_container col-sm-12 vc_col-sm-12 col-lg-12 vc_col-lg-12\"><div class=\"vc_column-inner\"><div class=\"wpb_wrapper\"><div class=\"vc_custom_heading\" ><h1 style=\"font-size: 40px;color: #045b92;text-align: left\" >ARTWORK PACKAGING<\/h1><\/div>\n\t<div  class=\"wpb_single_image wpb_content_element vc_align_center\">\n\t\t\n\t\t<figure class=\"wpb_wrapper vc_figure\">\n\t\t\t<div class=\"vc_single_image-wrapper   vc_box_border_grey\"><img width=\"1200\" height=\"556\" src=\"https:\/\/dim.do\/wp-content\/uploads\/2019\/05\/serv_em_obras_de_arte.jpg\" class=\"vc_single_image-img attachment-full\" alt=\"\" loading=\"lazy\" srcset=\"https:\/\/dim.do\/wp-content\/uploads\/2019\/05\/serv_em_obras_de_arte.jpg 1200w, https:\/\/dim.do\/wp-content\/uploads\/2019\/05\/serv_em_obras_de_arte-300x139.jpg 300w, https:\/\/dim.do\/wp-content\/uploads\/2019\/05\/serv_em_obras_de_arte-768x356.jpg 768w, https:\/\/dim.do\/wp-content\/uploads\/2019\/05\/serv_em_obras_de_arte-1024x474.jpg 1024w\" sizes=\"(max-width: 1200px) 100vw, 1200px\" \/><\/div>\n\t\t<\/figure>\n\t<\/div>\n\n\t<div class=\"wpb_text_column wpb_content_element\" >\n\t\t<div class=\"wpb_wrapper\">\n\t\t\t<p>Dominican International Moving (DIM) are dedicated to providing logistical and technical avant-garde and innovative management of exhibitions in various museums, art galleries and solutions disrtibutors woldwide.<\/p>\n<p>We vahe higly skilled staff trained and qualified with over 20 years of experience to provide our clients with satisfactory results and excellence in our services.<\/p>\n<p>We use materials and high quality tools for the packaging of paints, antiques, sculptures, models, statues, archeological pieces, drawings, serigraphs, private and corporate collections of art.<\/p>\n<p>Specialists in handling works of art in Dominican Republic.<\/p>\n<p>Using modern materials such as bubbles, plastic, corrugated cardboard, yellow paper, white paper, quilts fabric, silk fabrics, foam of different calibers and construction of creates of wood with heat treatment under the NMF15 standards to ensure the transfer and security their belongs from the place of origin to delivery.<\/p>\n\n\t\t<\/div>\n\t<\/div>\n<\/div><\/div><\/div><\/div><\/div><\/div><\/div><div  class=\"vc_row wpb_row  vc_custom_1433128672748\" style=\"\"><div class=\"boxed\"><div class=\"container\"><div class=\"vc_row\"><div class=\"wpb_column vc_column_container col-sm-12 vc_col-sm-12 col-lg-12 vc_col-lg-12\"><div class=\"vc_column-inner\"><div class=\"wpb_wrapper\"><div class=\"vc_custom_heading heading-title-3\" ><h2 style=\"font-size: 20px;text-align: left\" >advantages<\/h2><\/div>\n\t<div class=\"wpb_text_column wpb_content_element\" >\n\t\t<div class=\"wpb_wrapper\">\n\t\t\t<ul>\n<li>The packages are made to order, they are adapted to the dimensions specified by each work of art.<\/li>\n<li>Through our knowledge and experience in the management of works of art, we adhere to the quality standards established worldwide.<\/li>\n<li>We specialize in handling, packaging, as well as transportation of works of art, antiques for museums, art galleries and marketers, corporate and private collections.<\/li>\n<\/ul>\n<p>Get a quote by calling (809) 566.4333 or complete our form.<\/p>\n\n\t\t<\/div>\n\t<\/div>\n<div class=\"vc_btn3-container  btn_dim_cop vc_btn3-center vc_custom_1570814026759\" >\n\t<a onmouseleave=\"this.style.borderColor='#045b92'; this.style.backgroundColor='transparent'; this.style.color='#045b92'\" onmouseenter=\"this.style.borderColor='#045b92'; this.style.backgroundColor='#045b92'; this.style.color='#ffffff';\" style=\"border-color:#045b92; color:#045b92;\" class=\"vc_general vc_btn3 vc_btn3-size-lg vc_btn3-shape-round vc_btn3-style-outline-custom\" href=\"solicitud-de-presupuestos\/\" title=\"quotation-request \/\">REQUEST A QUOTE<\/a><\/div>\n<\/div><\/div><\/div><\/div><\/div><\/div><\/div><div  class=\"vc_row wpb_row\" style=\"\"><div class=\"boxed\"><div class=\"container\"><div class=\"vc_row\"><div class=\"wpb_column vc_column_container col-sm-12 vc_col-sm-12 col-lg-12 vc_col-lg-12\"><div class=\"vc_column-inner\"><div class=\"wpb_wrapper\"><div class=\"vc_empty_space\"   style=\"height: 40px\" ><span class=\"vc_empty_space_inner\"><\/span><\/div>\n<div class=\"vc_custom_heading vc_custom_1558971610622\" ><h1 style=\"font-size: 40px;color: #045b92;text-align: center\" >SOCIAL<\/h1><\/div><div class=\"vc_separator wpb_content_element vc_separator_align_center vc_sep_width_100 vc_sep_border_width_2 vc_sep_pos_align_center vc_separator_no_text  ln\" ><span class=\"vc_sep_holder vc_sep_holder_l\"><span  class=\"vc_sep_line\"><\/span><\/span><span class=\"vc_sep_holder vc_sep_holder_r\"><span  class=\"vc_sep_line\"><\/span><\/span>\n<\/div><div class=\"vc_empty_space\"   style=\"height: 40px\" ><span class=\"vc_empty_space_inner\"><\/span><\/div>\n<div class=\"vc_row wpb_row vc_inner\"><div class=\"wpb_column vc_column_container col-sm-4 vc_col-sm-4 col-lg-4 vc_col-lg-4\"><div class=\"vc_column-inner\"><div class=\"wpb_wrapper\"><div\n\tclass=\"vc_icon_element vc_icon_element-outer  vc_icon_element-align-center\">\n\t<div\n\t\tclass=\"vc_icon_element-inner vc_icon_element-color-custom  vc_icon_element-size-lg  vc_icon_element-style- vc_icon_element-background-color-\">\n\t\t<span\n\t\t\tclass=\"vc_icon_element-icon fa fa-twitter\" style=\"color:#045b92 !important\"><\/span>\n\t\t\t<\/div>\n<\/div><\/div><\/div><\/div><div class=\"wpb_column vc_column_container col-sm-4 vc_col-sm-4 col-lg-4 vc_col-lg-4\"><div class=\"vc_column-inner\"><div class=\"wpb_wrapper\"><div\n\tclass=\"vc_icon_element vc_icon_element-outer  vc_icon_element-align-center\">\n\t<div\n\t\tclass=\"vc_icon_element-inner vc_icon_element-color-custom  vc_icon_element-size-lg  vc_icon_element-style- vc_icon_element-background-color-\">\n\t\t<span\n\t\t\tclass=\"vc_icon_element-icon fa fa-facebook\" style=\"color:#045b92 !important\"><\/span>\n\t\t\t<\/div>\n<\/div><\/div><\/div><\/div><div class=\"wpb_column vc_column_container col-sm-4 vc_col-sm-4 col-lg-4 vc_col-lg-4\"><div class=\"vc_column-inner\"><div class=\"wpb_wrapper\"><div\n\tclass=\"vc_icon_element vc_icon_element-outer  vc_icon_element-align-center\">\n\t<div\n\t\tclass=\"vc_icon_element-inner vc_icon_element-color-custom  vc_icon_element-size-lg  vc_icon_element-style- vc_icon_element-background-color-\">\n\t\t<span\n\t\t\tclass=\"vc_icon_element-icon fa fa-instagram\" style=\"color:#045b92 !important\"><\/span>\n\t\t\t<\/div>\n<\/div><\/div><\/div><\/div><\/div><div class=\"vc_empty_space\"   style=\"height: 40px\" ><span class=\"vc_empty_space_inner\"><\/span><\/div>\n<\/div><\/div><\/div><\/div><\/div><\/div><\/div>","protected":false},"excerpt":{"rendered":"EMBALAJES DE OBRA DE ARTE Dominican International Moving (DIM) se dedica a proporcionar una gesti\u00f3n log\u00edstica y t\u00e9cnica de vanguardia e innovadora gesti\u00f3n de exposiciones en varios museos, galer\u00edas de arte y distribuidores de soluciones en todo el mundo. Contamos con personal altamente calificado con m\u00e1s de 20 a\u00f1os de experiencia para brindar a nuestros [...]","protected":false},"author":1,"featured_media":0,"parent":0,"menu_order":0,"comment_status":"closed","ping_status":"closed","template":"","meta":[],"_links":{"self":[{"href":"https:\/\/dim.do\/en_en\/wp-json\/wp\/v2\/pages\/342"}],"collection":[{"href":"https:\/\/dim.do\/en_en\/wp-json\/wp\/v2\/pages"}],"about":[{"href":"https:\/\/dim.do\/en_en\/wp-json\/wp\/v2\/types\/page"}],"author":[{"embeddable":true,"href":"https:\/\/dim.do\/en_en\/wp-json\/wp\/v2\/users\/1"}],"replies":[{"embeddable":true,"href":"https:\/\/dim.do\/en_en\/wp-json\/wp\/v2\/comments?post=342"}],"version-history":[{"count":11,"href":"https:\/\/dim.do\/en_en\/wp-json\/wp\/v2\/pages\/342\/revisions"}],"predecessor-version":[{"id":75560,"href":"https:\/\/dim.do\/en_en\/wp-json\/wp\/v2\/pages\/342\/revisions\/75560"}],"wp:attachment":[{"href":"https:\/\/dim.do\/en_en\/wp-json\/wp\/v2\/media?parent=342"}],"curies":[{"name":"wp","href":"https:\/\/api.w.org\/{rel}","templated":true}]}}