{"id":340,"date":"2015-03-10T02:45:33","date_gmt":"2015-03-10T02:45:33","guid":{"rendered":"http:\/\/structure.thememove.com\/?page_id=340"},"modified":"2019-10-08T22:11:29","modified_gmt":"2019-10-08T20:11:29","slug":"mudanzas-nacionales","status":"publish","type":"page","link":"https:\/\/dim.do\/en_en\/mudanzas-nacionales\/","title":{"rendered":"NATIONAL MOVING"},"content":{"rendered":"<div  class=\"vc_row wpb_row  vc_custom_1433558708166\" style=\"\"><div class=\"boxed\"><div class=\"container\"><div class=\"vc_row\"><div class=\"wpb_column vc_column_container col-sm-12 vc_col-sm-12 col-lg-12 vc_col-lg-12\"><div class=\"vc_column-inner\"><div class=\"wpb_wrapper\"><div class=\"vc_custom_heading\" ><h1 style=\"font-size: 40px;color: #045b92;text-align: left\" >NATIONAL MOVING<\/h1><\/div>\n\t<div  class=\"wpb_single_image wpb_content_element vc_align_center\">\n\t\t\n\t\t<figure class=\"wpb_wrapper vc_figure\">\n\t\t\t<div class=\"vc_single_image-wrapper   vc_box_border_grey\"><img width=\"1200\" height=\"556\" src=\"https:\/\/dim.do\/wp-content\/uploads\/2019\/05\/serv_mudanzas_nac-1.jpg\" class=\"vc_single_image-img attachment-full\" alt=\"\" loading=\"lazy\" srcset=\"https:\/\/dim.do\/wp-content\/uploads\/2019\/05\/serv_mudanzas_nac-1.jpg 1200w, https:\/\/dim.do\/wp-content\/uploads\/2019\/05\/serv_mudanzas_nac-1-300x139.jpg 300w, https:\/\/dim.do\/wp-content\/uploads\/2019\/05\/serv_mudanzas_nac-1-768x356.jpg 768w, https:\/\/dim.do\/wp-content\/uploads\/2019\/05\/serv_mudanzas_nac-1-1024x474.jpg 1024w\" sizes=\"(max-width: 1200px) 100vw, 1200px\" \/><\/div>\n\t\t<\/figure>\n\t<\/div>\n\n\t<div class=\"wpb_text_column wpb_content_element\" >\n\t\t<div class=\"wpb_wrapper\">\n\t\t\t<p>We organize your move in such a way that we take care of disassembling, inventorying, sorting, packing, transporting, unloading and installing all your belongings in the places specified by you.<\/p>\n<p>We provide comprehensive solutions for your business and personal removals under the highest quality standards, we have an honest and trained staff through strategic planning that encompasses the logistics and the necessary preparation to minimize service interruptions.<\/p>\n\n\t\t<\/div>\n\t<\/div>\n<\/div><\/div><\/div><\/div><\/div><\/div><\/div><div  class=\"vc_row wpb_row  vc_custom_1433128672748\" style=\"\"><div class=\"boxed\"><div class=\"container\"><div class=\"vc_row\"><div class=\"wpb_column vc_column_container col-sm-12 vc_col-sm-12 col-lg-12 vc_col-lg-12\"><div class=\"vc_column-inner\"><div class=\"wpb_wrapper\"><div class=\"vc_custom_heading heading-title-3\" ><h2 style=\"font-size: 20px;text-align: left\" >advantages<\/h2><\/div>\n\t<div class=\"wpb_text_column wpb_content_element\" >\n\t\t<div class=\"wpb_wrapper\">\n\t\t\t<p>\u2022 We have staff with extensive experience making national and local removals.<br \/>\n\u2022 We have a wide network of carriers that allow us to move your move to any demarcation within the national geography at a very competitive rate.<br \/>\n\u2022 We pay special attention to every detail, using first-class packaging materials, protecting your most precious goods.<br \/>\n\u2022 We pack and protect your furniture and electrical appliances in special padded material, we also use cardboard boxes and wardrobes to store your lingerie and clothes.<br \/>\n\u2022 Highly professional, honest and qualified staff to assist you in any way possible during the service of your move.<br \/>\nGet a quote by calling (809) 566.4333 or complete our form.<\/p>\n\n\t\t<\/div>\n\t<\/div>\n<div class=\"vc_btn3-container  btn_dim_cop vc_btn3-center vc_custom_1570565484221\" >\n\t<a onmouseleave=\"this.style.borderColor='#045b92'; this.style.backgroundColor='transparent'; this.style.color='#045b92'\" onmouseenter=\"this.style.borderColor='#045b92'; this.style.backgroundColor='#045b92'; this.style.color='#ffffff';\" style=\"border-color:#045b92; color:#045b92;\" class=\"vc_general vc_btn3 vc_btn3-size-lg vc_btn3-shape-round vc_btn3-style-outline-custom\" href=\"solicitud-de-presupuestos\/\" title=\"\">REQUEST A QUOTE<\/a><\/div>\n<\/div><\/div><\/div><\/div><\/div><\/div><\/div><div  class=\"vc_row wpb_row\" style=\"\"><div class=\"boxed\"><div class=\"container\"><div class=\"vc_row\"><div class=\"wpb_column vc_column_container col-sm-12 vc_col-sm-12 col-lg-12 vc_col-lg-12\"><div class=\"vc_column-inner\"><div class=\"wpb_wrapper\"><div class=\"vc_empty_space\"   style=\"height: 40px\" ><span class=\"vc_empty_space_inner\"><\/span><\/div>\n<div class=\"vc_custom_heading vc_custom_1558971610622\" ><h1 style=\"font-size: 40px;color: #045b92;text-align: center\" >SOCIAL<\/h1><\/div><div class=\"vc_separator wpb_content_element vc_separator_align_center vc_sep_width_100 vc_sep_border_width_2 vc_sep_pos_align_center vc_separator_no_text  ln\" ><span class=\"vc_sep_holder vc_sep_holder_l\"><span  class=\"vc_sep_line\"><\/span><\/span><span class=\"vc_sep_holder vc_sep_holder_r\"><span  class=\"vc_sep_line\"><\/span><\/span>\n<\/div><div class=\"vc_empty_space\"   style=\"height: 40px\" ><span class=\"vc_empty_space_inner\"><\/span><\/div>\n<div class=\"vc_row wpb_row vc_inner\"><div class=\"wpb_column vc_column_container col-sm-4 vc_col-sm-4 col-lg-4 vc_col-lg-4\"><div class=\"vc_column-inner\"><div class=\"wpb_wrapper\"><div\n\tclass=\"vc_icon_element vc_icon_element-outer  vc_icon_element-align-center\">\n\t<div\n\t\tclass=\"vc_icon_element-inner vc_icon_element-color-custom  vc_icon_element-size-lg  vc_icon_element-style- vc_icon_element-background-color-\">\n\t\t<span\n\t\t\tclass=\"vc_icon_element-icon fa fa-twitter\" style=\"color:#045b92 !important\"><\/span>\n\t\t\t<\/div>\n<\/div><\/div><\/div><\/div><div class=\"wpb_column vc_column_container col-sm-4 vc_col-sm-4 col-lg-4 vc_col-lg-4\"><div class=\"vc_column-inner\"><div class=\"wpb_wrapper\"><div\n\tclass=\"vc_icon_element vc_icon_element-outer  vc_icon_element-align-center\">\n\t<div\n\t\tclass=\"vc_icon_element-inner vc_icon_element-color-custom  vc_icon_element-size-lg  vc_icon_element-style- vc_icon_element-background-color-\">\n\t\t<span\n\t\t\tclass=\"vc_icon_element-icon fa fa-facebook\" style=\"color:#045b92 !important\"><\/span>\n\t\t\t<\/div>\n<\/div><\/div><\/div><\/div><div class=\"wpb_column vc_column_container col-sm-4 vc_col-sm-4 col-lg-4 vc_col-lg-4\"><div class=\"vc_column-inner\"><div class=\"wpb_wrapper\"><div\n\tclass=\"vc_icon_element vc_icon_element-outer  vc_icon_element-align-center\">\n\t<div\n\t\tclass=\"vc_icon_element-inner vc_icon_element-color-custom  vc_icon_element-size-lg  vc_icon_element-style- vc_icon_element-background-color-\">\n\t\t<span\n\t\t\tclass=\"vc_icon_element-icon fa fa-instagram\" style=\"color:#045b92 !important\"><\/span>\n\t\t\t<\/div>\n<\/div><\/div><\/div><\/div><\/div><div class=\"vc_empty_space\"   style=\"height: 40px\" ><span class=\"vc_empty_space_inner\"><\/span><\/div>\n<\/div><\/div><\/div><\/div><\/div><\/div><\/div>","protected":false},"excerpt":{"rendered":"MUDANZAS NACIONALES Organizamos su mudanza de forma tal que nos encargamos de desarmar, inventariar, clasificar, embalar, transportar, descargar e instalar todas sus pertenencias en los lugares especificados por usted. Brindamos soluciones integrales para sus mudanzas empresariales y personales bajo los m\u00e1s altos est\u00e1ndares de calidad, contamos con un personal honesto y capacitado mediante una planificaci\u00f3n [...]","protected":false},"author":1,"featured_media":0,"parent":0,"menu_order":0,"comment_status":"closed","ping_status":"closed","template":"","meta":[],"_links":{"self":[{"href":"https:\/\/dim.do\/en_en\/wp-json\/wp\/v2\/pages\/340"}],"collection":[{"href":"https:\/\/dim.do\/en_en\/wp-json\/wp\/v2\/pages"}],"about":[{"href":"https:\/\/dim.do\/en_en\/wp-json\/wp\/v2\/types\/page"}],"author":[{"embeddable":true,"href":"https:\/\/dim.do\/en_en\/wp-json\/wp\/v2\/users\/1"}],"replies":[{"embeddable":true,"href":"https:\/\/dim.do\/en_en\/wp-json\/wp\/v2\/comments?post=340"}],"version-history":[{"count":10,"href":"https:\/\/dim.do\/en_en\/wp-json\/wp\/v2\/pages\/340\/revisions"}],"predecessor-version":[{"id":75470,"href":"https:\/\/dim.do\/en_en\/wp-json\/wp\/v2\/pages\/340\/revisions\/75470"}],"wp:attachment":[{"href":"https:\/\/dim.do\/en_en\/wp-json\/wp\/v2\/media?parent=340"}],"curies":[{"name":"wp","href":"https:\/\/api.w.org\/{rel}","templated":true}]}}